{"id":4567,"date":"2023-12-16T14:05:29","date_gmt":"2023-12-16T13:05:29","guid":{"rendered":"https:\/\/new.europea92spa.it\/whistleblowing\/"},"modified":"2025-07-16T16:49:01","modified_gmt":"2025-07-16T14:49:01","slug":"whistleblowing","status":"publish","type":"page","link":"https:\/\/www.europea92spa.it\/fr\/whistleblowing\/","title":{"rendered":"Signalement d&rsquo;activit\u00e9s ill\u00e9gales &#8211; D\u00e9nonciation"},"content":{"rendered":"","protected":false},"excerpt":{"rendered":"","protected":false},"author":1,"featured_media":-1,"parent":0,"menu_order":0,"comment_status":"closed","ping_status":"closed","template":"","meta":{"footnotes":""},"class_list":["post-4567","page","type-page","status-publish","has-post-thumbnail","hentry"],"yoast_head":"<!-- This site is optimized with the Yoast SEO plugin v27.3 - https:\/\/yoast.com\/product\/yoast-seo-wordpress\/ -->\n<title>Signalement d&#039;activit\u00e9s ill\u00e9gales - D\u00e9nonciation - EUROPEA 92 SPA<\/title>\n<meta name=\"robots\" content=\"index, follow, max-snippet:-1, max-image-preview:large, max-video-preview:-1\" \/>\n<link rel=\"canonical\" href=\"https:\/\/www.europea92spa.it\/fr\/whistleblowing\/\" \/>\n<meta property=\"og:locale\" content=\"fr_FR\" \/>\n<meta property=\"og:type\" content=\"article\" \/>\n<meta property=\"og:title\" content=\"Signalement d&#039;activit\u00e9s ill\u00e9gales - D\u00e9nonciation - EUROPEA 92 SPA\" \/>\n<meta property=\"og:url\" content=\"https:\/\/www.europea92spa.it\/fr\/whistleblowing\/\" \/>\n<meta property=\"og:site_name\" content=\"EUROPEA 92 SPA\" \/>\n<meta property=\"article:modified_time\" content=\"2025-07-16T14:49:01+00:00\" \/>\n<meta name=\"twitter:card\" content=\"summary_large_image\" \/>\n<script type=\"application\/ld+json\" class=\"yoast-schema-graph\">{\"@context\":\"https:\\\/\\\/schema.org\",\"@graph\":[{\"@type\":\"WebPage\",\"@id\":\"https:\\\/\\\/www.europea92spa.it\\\/fr\\\/whistleblowing\\\/\",\"url\":\"https:\\\/\\\/www.europea92spa.it\\\/fr\\\/whistleblowing\\\/\",\"name\":\"Signalement d'activit\u00e9s ill\u00e9gales - D\u00e9nonciation - EUROPEA 92 SPA\",\"isPartOf\":{\"@id\":\"https:\\\/\\\/www.europea92spa.it\\\/#website\"},\"datePublished\":\"2023-12-16T13:05:29+00:00\",\"dateModified\":\"2025-07-16T14:49:01+00:00\",\"breadcrumb\":{\"@id\":\"https:\\\/\\\/www.europea92spa.it\\\/fr\\\/whistleblowing\\\/#breadcrumb\"},\"inLanguage\":\"fr-FR\",\"potentialAction\":[{\"@type\":\"ReadAction\",\"target\":[\"https:\\\/\\\/www.europea92spa.it\\\/fr\\\/whistleblowing\\\/\"]}]},{\"@type\":\"BreadcrumbList\",\"@id\":\"https:\\\/\\\/www.europea92spa.it\\\/fr\\\/whistleblowing\\\/#breadcrumb\",\"itemListElement\":[{\"@type\":\"ListItem\",\"position\":1,\"name\":\"Home\",\"item\":\"https:\\\/\\\/www.europea92spa.it\\\/fr\\\/\"},{\"@type\":\"ListItem\",\"position\":2,\"name\":\"Signalement d&#8217;activit\u00e9s ill\u00e9gales &#8211; D\u00e9nonciation\"}]},{\"@type\":\"WebSite\",\"@id\":\"https:\\\/\\\/www.europea92spa.it\\\/#website\",\"url\":\"https:\\\/\\\/www.europea92spa.it\\\/\",\"name\":\"EUROPEA 92 SPA\",\"description\":\"MARCH\u00c9S PUBLICS NATIONAUX ET INTERNATIONAUX\",\"potentialAction\":[{\"@type\":\"SearchAction\",\"target\":{\"@type\":\"EntryPoint\",\"urlTemplate\":\"https:\\\/\\\/www.europea92spa.it\\\/?s={search_term_string}\"},\"query-input\":{\"@type\":\"PropertyValueSpecification\",\"valueRequired\":true,\"valueName\":\"search_term_string\"}}],\"inLanguage\":\"fr-FR\"}]}<\/script>\n<!-- \/ Yoast SEO plugin. -->","yoast_head_json":{"title":"Signalement d'activit\u00e9s ill\u00e9gales - D\u00e9nonciation - EUROPEA 92 SPA","robots":{"index":"index","follow":"follow","max-snippet":"max-snippet:-1","max-image-preview":"max-image-preview:large","max-video-preview":"max-video-preview:-1"},"canonical":"https:\/\/www.europea92spa.it\/fr\/whistleblowing\/","og_locale":"fr_FR","og_type":"article","og_title":"Signalement d'activit\u00e9s ill\u00e9gales - D\u00e9nonciation - EUROPEA 92 SPA","og_url":"https:\/\/www.europea92spa.it\/fr\/whistleblowing\/","og_site_name":"EUROPEA 92 SPA","article_modified_time":"2025-07-16T14:49:01+00:00","twitter_card":"summary_large_image","schema":{"@context":"https:\/\/schema.org","@graph":[{"@type":"WebPage","@id":"https:\/\/www.europea92spa.it\/fr\/whistleblowing\/","url":"https:\/\/www.europea92spa.it\/fr\/whistleblowing\/","name":"Signalement d'activit\u00e9s ill\u00e9gales - D\u00e9nonciation - EUROPEA 92 SPA","isPartOf":{"@id":"https:\/\/www.europea92spa.it\/#website"},"datePublished":"2023-12-16T13:05:29+00:00","dateModified":"2025-07-16T14:49:01+00:00","breadcrumb":{"@id":"https:\/\/www.europea92spa.it\/fr\/whistleblowing\/#breadcrumb"},"inLanguage":"fr-FR","potentialAction":[{"@type":"ReadAction","target":["https:\/\/www.europea92spa.it\/fr\/whistleblowing\/"]}]},{"@type":"BreadcrumbList","@id":"https:\/\/www.europea92spa.it\/fr\/whistleblowing\/#breadcrumb","itemListElement":[{"@type":"ListItem","position":1,"name":"Home","item":"https:\/\/www.europea92spa.it\/fr\/"},{"@type":"ListItem","position":2,"name":"Signalement d&#8217;activit\u00e9s ill\u00e9gales &#8211; D\u00e9nonciation"}]},{"@type":"WebSite","@id":"https:\/\/www.europea92spa.it\/#website","url":"https:\/\/www.europea92spa.it\/","name":"EUROPEA 92 SPA","description":"MARCH\u00c9S PUBLICS NATIONAUX ET INTERNATIONAUX","potentialAction":[{"@type":"SearchAction","target":{"@type":"EntryPoint","urlTemplate":"https:\/\/www.europea92spa.it\/?s={search_term_string}"},"query-input":{"@type":"PropertyValueSpecification","valueRequired":true,"valueName":"search_term_string"}}],"inLanguage":"fr-FR"}]}},"_links":{"self":[{"href":"https:\/\/www.europea92spa.it\/fr\/wp-json\/wp\/v2\/pages\/4567","targetHints":{"allow":["GET"]}}],"collection":[{"href":"https:\/\/www.europea92spa.it\/fr\/wp-json\/wp\/v2\/pages"}],"about":[{"href":"https:\/\/www.europea92spa.it\/fr\/wp-json\/wp\/v2\/types\/page"}],"author":[{"embeddable":true,"href":"https:\/\/www.europea92spa.it\/fr\/wp-json\/wp\/v2\/users\/1"}],"replies":[{"embeddable":true,"href":"https:\/\/www.europea92spa.it\/fr\/wp-json\/wp\/v2\/comments?post=4567"}],"version-history":[{"count":1,"href":"https:\/\/www.europea92spa.it\/fr\/wp-json\/wp\/v2\/pages\/4567\/revisions"}],"predecessor-version":[{"id":4570,"href":"https:\/\/www.europea92spa.it\/fr\/wp-json\/wp\/v2\/pages\/4567\/revisions\/4570"}],"wp:featuredmedia":[{"embeddable":true,"href":"https:\/\/www.europea92spa.it\/fr\/wp-json\/"}],"wp:attachment":[{"href":"https:\/\/www.europea92spa.it\/fr\/wp-json\/wp\/v2\/media?parent=4567"}],"curies":[{"name":"wp","href":"https:\/\/api.w.org\/{rel}","templated":true}]}}